{"id":14,"date":"2019-08-27T14:25:58","date_gmt":"2019-08-27T12:25:58","guid":{"rendered":"https:\/\/wassersport-mallorca.com\/page\/?page_id=14"},"modified":"2019-08-27T17:30:02","modified_gmt":"2019-08-27T15:30:02","slug":"knotenkunde","status":"publish","type":"page","link":"https:\/\/mittelmeer-skipper.com\/page\/knotenkunde\/","title":{"rendered":"Knotenkunde"},"content":{"rendered":"<p>[et_pb_section bb_built=&#8220;1&#8243; inner_width=&#8220;auto&#8220; inner_max_width=&#8220;none&#8220;][et_pb_row][et_pb_column type=&#8220;4_4&#8243; custom_padding__hover=&#8220;|||&#8220; custom_padding=&#8220;|||&#8220;][et_pb_tabs admin_label=&#8220;Knoten&#8220; _builder_version=&#8220;3.27.3&#8243; tab_text_shadow_horizontal_length=&#8220;tab_text_shadow_style,%91object Object%93&#8243; tab_text_shadow_vertical_length=&#8220;tab_text_shadow_style,%91object Object%93&#8243; tab_text_shadow_blur_strength=&#8220;tab_text_shadow_style,%91object Object%93&#8243; body_text_shadow_horizontal_length=&#8220;body_text_shadow_style,%91object Object%93&#8243; body_text_shadow_vertical_length=&#8220;body_text_shadow_style,%91object Object%93&#8243; body_text_shadow_blur_strength=&#8220;body_text_shadow_style,%91object Object%93&#8243; z_index_tablet=&#8220;500&#8243; body_link_text_shadow_horizontal_length=&#8220;body_link_text_shadow_style,%91object Object%93&#8243; body_link_text_shadow_horizontal_length_tablet=&#8220;0px&#8220; body_link_text_shadow_vertical_length=&#8220;body_link_text_shadow_style,%91object Object%93&#8243; body_link_text_shadow_vertical_length_tablet=&#8220;0px&#8220; body_link_text_shadow_blur_strength=&#8220;body_link_text_shadow_style,%91object Object%93&#8243; body_link_text_shadow_blur_strength_tablet=&#8220;1px&#8220; body_ul_text_shadow_horizontal_length=&#8220;body_ul_text_shadow_style,%91object Object%93&#8243; body_ul_text_shadow_horizontal_length_tablet=&#8220;0px&#8220; body_ul_text_shadow_vertical_length=&#8220;body_ul_text_shadow_style,%91object Object%93&#8243; body_ul_text_shadow_vertical_length_tablet=&#8220;0px&#8220; body_ul_text_shadow_blur_strength=&#8220;body_ul_text_shadow_style,%91object Object%93&#8243; body_ul_text_shadow_blur_strength_tablet=&#8220;1px&#8220; body_ol_text_shadow_horizontal_length=&#8220;body_ol_text_shadow_style,%91object Object%93&#8243; body_ol_text_shadow_horizontal_length_tablet=&#8220;0px&#8220; body_ol_text_shadow_vertical_length=&#8220;body_ol_text_shadow_style,%91object Object%93&#8243; body_ol_text_shadow_vertical_length_tablet=&#8220;0px&#8220; body_ol_text_shadow_blur_strength=&#8220;body_ol_text_shadow_style,%91object Object%93&#8243; body_ol_text_shadow_blur_strength_tablet=&#8220;1px&#8220; body_quote_text_shadow_horizontal_length=&#8220;body_quote_text_shadow_style,%91object Object%93&#8243; body_quote_text_shadow_horizontal_length_tablet=&#8220;0px&#8220; body_quote_text_shadow_vertical_length=&#8220;body_quote_text_shadow_style,%91object Object%93&#8243; body_quote_text_shadow_vertical_length_tablet=&#8220;0px&#8220; body_quote_text_shadow_blur_strength=&#8220;body_quote_text_shadow_style,%91object Object%93&#8243; body_quote_text_shadow_blur_strength_tablet=&#8220;1px&#8220; box_shadow_horizontal_tablet=&#8220;0px&#8220; box_shadow_vertical_tablet=&#8220;0px&#8220; box_shadow_blur_tablet=&#8220;40px&#8220; box_shadow_spread_tablet=&#8220;0px&#8220;][et_pb_tab _builder_version=&#8220;3.27.3&#8243; title=&#8220;Achterknoten&#8220; link_option_url_new_window=&#8220;off&#8220; use_background_color_gradient=&#8220;off&#8220; background_color_gradient_start=&#8220;#2b87da&#8220; background_color_gradient_end=&#8220;#29c4a9&#8243; background_color_gradient_type=&#8220;linear&#8220; background_color_gradient_direction=&#8220;180deg&#8220; background_color_gradient_direction_radial=&#8220;center&#8220; background_color_gradient_start_position=&#8220;0%&#8220; background_color_gradient_end_position=&#8220;100%&#8220; background_color_gradient_overlays_image=&#8220;off&#8220; parallax=&#8220;off&#8220; parallax_method=&#8220;on&#8220; background_size=&#8220;cover&#8220; background_position=&#8220;center&#8220; background_repeat=&#8220;no-repeat&#8220; background_blend=&#8220;normal&#8220; allow_player_pause=&#8220;off&#8220; background_video_pause_outside_viewport=&#8220;on&#8220; tab_text_shadow_style=&#8220;none&#8220; tab_text_shadow_horizontal_length=&#8220;tab_text_shadow_style,%91object Object%93&#8243; tab_text_shadow_vertical_length=&#8220;tab_text_shadow_style,%91object Object%93&#8243; tab_text_shadow_blur_strength=&#8220;tab_text_shadow_style,%91object Object%93&#8243; body_text_shadow_style=&#8220;none&#8220; body_text_shadow_horizontal_length=&#8220;body_text_shadow_style,%91object Object%93&#8243; body_text_shadow_vertical_length=&#8220;body_text_shadow_style,%91object Object%93&#8243; body_text_shadow_blur_strength=&#8220;body_text_shadow_style,%91object Object%93&#8243; hover_transition_duration=&#8220;300ms&#8220; hover_transition_delay=&#8220;0ms&#8220; hover_transition_speed_curve=&#8220;ease&#8220;]<\/p>\n<p>Der Achtknoten wird auf Motorbooten eher selten verwendet. Man ben\u00f6tigt ihn vor allem beim Segeln, um das Ausrauschen der Schoten und Fallen aus \u00d6sen und Bl\u00f6cken zu verhindern. Dennoch kommt er in der Motorbootpr\u00fcfung vor.<\/p>\n<p><img loading=\"lazy\" decoding=\"async\" class=\"aligncenter wp-image-15 size-full\" src=\"https:\/\/mittelmeer-skipper.com\/page\/wp-content\/uploads\/2019\/08\/achtknoten.gif\" alt=\"\" width=\"580\" height=\"376\"><\/p>\n<p>[\/et_pb_tab][et_pb_tab _builder_version=&#8220;3.27.3&#8243; title=&#8220;Palstek&#8220; link_option_url_new_window=&#8220;off&#8220; use_background_color_gradient=&#8220;off&#8220; background_color_gradient_start=&#8220;#2b87da&#8220; background_color_gradient_end=&#8220;#29c4a9&#8243; background_color_gradient_type=&#8220;linear&#8220; background_color_gradient_direction=&#8220;180deg&#8220; background_color_gradient_direction_radial=&#8220;center&#8220; background_color_gradient_start_position=&#8220;0%&#8220; background_color_gradient_end_position=&#8220;100%&#8220; background_color_gradient_overlays_image=&#8220;off&#8220; parallax=&#8220;off&#8220; parallax_method=&#8220;on&#8220; background_size=&#8220;cover&#8220; background_position=&#8220;center&#8220; background_repeat=&#8220;no-repeat&#8220; background_blend=&#8220;normal&#8220; allow_player_pause=&#8220;off&#8220; background_video_pause_outside_viewport=&#8220;on&#8220; tab_text_shadow_style=&#8220;none&#8220; tab_text_shadow_horizontal_length=&#8220;tab_text_shadow_style,%91object Object%93&#8243; tab_text_shadow_vertical_length=&#8220;tab_text_shadow_style,%91object Object%93&#8243; tab_text_shadow_blur_strength=&#8220;tab_text_shadow_style,%91object Object%93&#8243; body_text_shadow_style=&#8220;none&#8220; body_text_shadow_horizontal_length=&#8220;body_text_shadow_style,%91object Object%93&#8243; body_text_shadow_vertical_length=&#8220;body_text_shadow_style,%91object Object%93&#8243; body_text_shadow_blur_strength=&#8220;body_text_shadow_style,%91object Object%93&#8243; hover_transition_duration=&#8220;300ms&#8220; hover_transition_delay=&#8220;0ms&#8220; hover_transition_speed_curve=&#8220;ease&#8220;]<\/p>\n<p>Mit einem Palstek kn\u00fcpft man ein festes Auge, das sich nicht zuziehen kann. Verwenden kann man den Palstek z.B. zum Festmachen an einem Pfahl oder auch als Rettungsknoten.<\/p>\n<p><img loading=\"lazy\" decoding=\"async\" class=\"aligncenter wp-image-16 size-full\" src=\"https:\/\/mittelmeer-skipper.com\/page\/wp-content\/uploads\/2019\/08\/palstek.gif\" alt=\"\" width=\"580\" height=\"597\"><\/p>\n<p>[\/et_pb_tab][et_pb_tab _builder_version=&#8220;3.27.3&#8243; title=&#8220;Schotstek&#8220; link_option_url_new_window=&#8220;off&#8220; use_background_color_gradient=&#8220;off&#8220; background_color_gradient_start=&#8220;#2b87da&#8220; background_color_gradient_end=&#8220;#29c4a9&#8243; background_color_gradient_type=&#8220;linear&#8220; background_color_gradient_direction=&#8220;180deg&#8220; background_color_gradient_direction_radial=&#8220;center&#8220; background_color_gradient_start_position=&#8220;0%&#8220; background_color_gradient_end_position=&#8220;100%&#8220; background_color_gradient_overlays_image=&#8220;off&#8220; parallax=&#8220;off&#8220; parallax_method=&#8220;on&#8220; background_size=&#8220;cover&#8220; background_position=&#8220;center&#8220; background_repeat=&#8220;no-repeat&#8220; background_blend=&#8220;normal&#8220; allow_player_pause=&#8220;off&#8220; background_video_pause_outside_viewport=&#8220;on&#8220; tab_text_shadow_style=&#8220;none&#8220; tab_text_shadow_horizontal_length=&#8220;tab_text_shadow_style,%91object Object%93&#8243; tab_text_shadow_vertical_length=&#8220;tab_text_shadow_style,%91object Object%93&#8243; tab_text_shadow_blur_strength=&#8220;tab_text_shadow_style,%91object Object%93&#8243; body_text_shadow_style=&#8220;none&#8220; body_text_shadow_horizontal_length=&#8220;body_text_shadow_style,%91object Object%93&#8243; body_text_shadow_vertical_length=&#8220;body_text_shadow_style,%91object Object%93&#8243; body_text_shadow_blur_strength=&#8220;body_text_shadow_style,%91object Object%93&#8243; hover_transition_duration=&#8220;300ms&#8220; hover_transition_delay=&#8220;0ms&#8220; hover_transition_speed_curve=&#8220;ease&#8220;]<\/p>\n<p>Mit dem Schotstek verbindet man zwei ungleichstarke Enden. Man kann ihn auch f\u00fcr gleichstarke Enden aus verschiedenen Materialien verwenden.<\/p>\n<p><img loading=\"lazy\" decoding=\"async\" class=\"aligncenter wp-image-18 size-full\" src=\"https:\/\/mittelmeer-skipper.com\/page\/wp-content\/uploads\/2019\/08\/schotstek.gif\" alt=\"\" width=\"580\" height=\"377\"><\/p>\n<p>[\/et_pb_tab][et_pb_tab _builder_version=&#8220;3.27.3&#8243; title=&#8220;Doppelter Schostek&#8220; link_option_url_new_window=&#8220;off&#8220; use_background_color_gradient=&#8220;off&#8220; background_color_gradient_start=&#8220;#2b87da&#8220; background_color_gradient_end=&#8220;#29c4a9&#8243; background_color_gradient_type=&#8220;linear&#8220; background_color_gradient_direction=&#8220;180deg&#8220; background_color_gradient_direction_radial=&#8220;center&#8220; background_color_gradient_start_position=&#8220;0%&#8220; background_color_gradient_end_position=&#8220;100%&#8220; background_color_gradient_overlays_image=&#8220;off&#8220; parallax=&#8220;off&#8220; parallax_method=&#8220;on&#8220; background_size=&#8220;cover&#8220; background_position=&#8220;center&#8220; background_repeat=&#8220;no-repeat&#8220; background_blend=&#8220;normal&#8220; allow_player_pause=&#8220;off&#8220; background_video_pause_outside_viewport=&#8220;on&#8220; tab_text_shadow_style=&#8220;none&#8220; tab_text_shadow_horizontal_length=&#8220;tab_text_shadow_style,%91object Object%93&#8243; tab_text_shadow_vertical_length=&#8220;tab_text_shadow_style,%91object Object%93&#8243; tab_text_shadow_blur_strength=&#8220;tab_text_shadow_style,%91object Object%93&#8243; body_text_shadow_style=&#8220;none&#8220; body_text_shadow_horizontal_length=&#8220;body_text_shadow_style,%91object Object%93&#8243; body_text_shadow_vertical_length=&#8220;body_text_shadow_style,%91object Object%93&#8243; body_text_shadow_blur_strength=&#8220;body_text_shadow_style,%91object Object%93&#8243; hover_transition_duration=&#8220;300ms&#8220; hover_transition_delay=&#8220;0ms&#8220; hover_transition_speed_curve=&#8220;ease&#8220;]<\/p>\n<p>Der doppelte Schotstek ist eine Variante des einfachen Schotsteks. Man verwendet ihn um zwei sehr ungleichstarke Enden zu verbinden.<br \/>\nIm Zweifel sollte man ihn immer dem einfachen Schotstek vorziehen.<\/p>\n<p><img loading=\"lazy\" decoding=\"async\" class=\"aligncenter wp-image-20 size-full\" src=\"https:\/\/mittelmeer-skipper.com\/page\/wp-content\/uploads\/2019\/08\/doppelter-schotstek.gif\" alt=\"\" width=\"580\" height=\"377\"><\/p>\n<p>[\/et_pb_tab][et_pb_tab _builder_version=&#8220;3.27.3&#8243; title=&#8220;Kreuzknoten&#8220; link_option_url_new_window=&#8220;off&#8220; use_background_color_gradient=&#8220;off&#8220; background_color_gradient_start=&#8220;#2b87da&#8220; background_color_gradient_end=&#8220;#29c4a9&#8243; background_color_gradient_type=&#8220;linear&#8220; background_color_gradient_direction=&#8220;180deg&#8220; background_color_gradient_direction_radial=&#8220;center&#8220; background_color_gradient_start_position=&#8220;0%&#8220; background_color_gradient_end_position=&#8220;100%&#8220; background_color_gradient_overlays_image=&#8220;off&#8220; parallax=&#8220;off&#8220; parallax_method=&#8220;on&#8220; background_size=&#8220;cover&#8220; background_position=&#8220;center&#8220; background_repeat=&#8220;no-repeat&#8220; background_blend=&#8220;normal&#8220; allow_player_pause=&#8220;off&#8220; background_video_pause_outside_viewport=&#8220;on&#8220; tab_text_shadow_style=&#8220;none&#8220; tab_text_shadow_horizontal_length=&#8220;tab_text_shadow_style,%91object Object%93&#8243; tab_text_shadow_vertical_length=&#8220;tab_text_shadow_style,%91object Object%93&#8243; tab_text_shadow_blur_strength=&#8220;tab_text_shadow_style,%91object Object%93&#8243; body_text_shadow_style=&#8220;none&#8220; body_text_shadow_horizontal_length=&#8220;body_text_shadow_style,%91object Object%93&#8243; body_text_shadow_vertical_length=&#8220;body_text_shadow_style,%91object Object%93&#8243; body_text_shadow_blur_strength=&#8220;body_text_shadow_style,%91object Object%93&#8243; hover_transition_duration=&#8220;300ms&#8220; hover_transition_delay=&#8220;0ms&#8220; hover_transition_speed_curve=&#8220;ease&#8220;]<\/p>\n<p>Mit dem Kreuzknoten verbindet man zwei gleichstarke Enden. Das Tauwerk sollte m\u00f6glichst nicht nur die gleiche St\u00e4rke haben, sondern auch aus dem gleichen Material bestehen.<\/p>\n<p><img loading=\"lazy\" decoding=\"async\" class=\"aligncenter wp-image-19 size-full\" src=\"https:\/\/mittelmeer-skipper.com\/page\/wp-content\/uploads\/2019\/08\/kreuzknoten.gif\" alt=\"\" width=\"580\" height=\"377\"><\/p>\n<p>[\/et_pb_tab][et_pb_tab _builder_version=&#8220;3.27.3&#8243; title=&#8220;Webeleinstek&#8220; link_option_url_new_window=&#8220;off&#8220; use_background_color_gradient=&#8220;off&#8220; background_color_gradient_start=&#8220;#2b87da&#8220; background_color_gradient_end=&#8220;#29c4a9&#8243; background_color_gradient_type=&#8220;linear&#8220; background_color_gradient_direction=&#8220;180deg&#8220; background_color_gradient_direction_radial=&#8220;center&#8220; background_color_gradient_start_position=&#8220;0%&#8220; background_color_gradient_end_position=&#8220;100%&#8220; background_color_gradient_overlays_image=&#8220;off&#8220; parallax=&#8220;off&#8220; parallax_method=&#8220;on&#8220; background_size=&#8220;cover&#8220; background_position=&#8220;center&#8220; background_repeat=&#8220;no-repeat&#8220; background_blend=&#8220;normal&#8220; allow_player_pause=&#8220;off&#8220; background_video_pause_outside_viewport=&#8220;on&#8220; tab_text_shadow_style=&#8220;none&#8220; tab_text_shadow_horizontal_length=&#8220;tab_text_shadow_style,%91object Object%93&#8243; tab_text_shadow_vertical_length=&#8220;tab_text_shadow_style,%91object Object%93&#8243; tab_text_shadow_blur_strength=&#8220;tab_text_shadow_style,%91object Object%93&#8243; body_text_shadow_style=&#8220;none&#8220; body_text_shadow_horizontal_length=&#8220;body_text_shadow_style,%91object Object%93&#8243; body_text_shadow_vertical_length=&#8220;body_text_shadow_style,%91object Object%93&#8243; body_text_shadow_blur_strength=&#8220;body_text_shadow_style,%91object Object%93&#8243; hover_transition_duration=&#8220;300ms&#8220; hover_transition_delay=&#8220;0ms&#8220; hover_transition_speed_curve=&#8220;ease&#8220;]<\/p>\n<p>Den Webleinstek gibt es als gesteckten oder geworfenen Webleinstek. Die gesteckte Variante verwendet man z.B. zum Festmachen von Fendern an der Reling, die geworfene Variante zum Festmachen an einem Pfahl.<\/p>\n<p>Da der Webleinstek nicht sicher h\u00e4lt, sollte man ihn gegebenenfalls mit einem halben Schlag sichern.<\/p>\n<p><img loading=\"lazy\" decoding=\"async\" class=\"aligncenter wp-image-21 size-full\" src=\"https:\/\/mittelmeer-skipper.com\/page\/wp-content\/uploads\/2019\/08\/webeleinstek.gif\" alt=\"\" width=\"580\" height=\"378\"><\/p>\n<p>[\/et_pb_tab][et_pb_tab _builder_version=&#8220;3.27.3&#8243; title=&#8220;Stopperstek&#8220; link_option_url_new_window=&#8220;off&#8220; use_background_color_gradient=&#8220;off&#8220; background_color_gradient_start=&#8220;#2b87da&#8220; background_color_gradient_end=&#8220;#29c4a9&#8243; background_color_gradient_type=&#8220;linear&#8220; background_color_gradient_direction=&#8220;180deg&#8220; background_color_gradient_direction_radial=&#8220;center&#8220; background_color_gradient_start_position=&#8220;0%&#8220; background_color_gradient_end_position=&#8220;100%&#8220; background_color_gradient_overlays_image=&#8220;off&#8220; parallax=&#8220;off&#8220; parallax_method=&#8220;on&#8220; background_size=&#8220;cover&#8220; background_position=&#8220;center&#8220; background_repeat=&#8220;no-repeat&#8220; background_blend=&#8220;normal&#8220; allow_player_pause=&#8220;off&#8220; background_video_pause_outside_viewport=&#8220;on&#8220; tab_text_shadow_style=&#8220;none&#8220; tab_text_shadow_horizontal_length=&#8220;tab_text_shadow_style,%91object Object%93&#8243; tab_text_shadow_vertical_length=&#8220;tab_text_shadow_style,%91object Object%93&#8243; tab_text_shadow_blur_strength=&#8220;tab_text_shadow_style,%91object Object%93&#8243; body_text_shadow_style=&#8220;none&#8220; body_text_shadow_horizontal_length=&#8220;body_text_shadow_style,%91object Object%93&#8243; body_text_shadow_vertical_length=&#8220;body_text_shadow_style,%91object Object%93&#8243; body_text_shadow_blur_strength=&#8220;body_text_shadow_style,%91object Object%93&#8243; hover_transition_duration=&#8220;300ms&#8220; hover_transition_delay=&#8220;0ms&#8220; hover_transition_speed_curve=&#8220;ease&#8220;]<\/p>\n<p>Mit dem Stopperstek macht man mit seiner eigenen Leine an einer Schlepptrosse fest. In eine Richtung bekneift er sich, in die andere Richtung kann er abrutschen.<\/p>\n<p>Beim Segeln kann man mit dem Stopperstek auch eine Schot entlasten, um einen \u00dcberl\u00e4ufer auf einer Winsch zu l\u00f6sen.<\/p>\n<p><img loading=\"lazy\" decoding=\"async\" class=\"aligncenter wp-image-22 size-full\" src=\"https:\/\/mittelmeer-skipper.com\/page\/wp-content\/uploads\/2019\/08\/stopperstek.gif\" alt=\"\" width=\"580\" height=\"378\"><\/p>\n<p>[\/et_pb_tab][et_pb_tab _builder_version=&#8220;3.27.3&#8243; title=&#8220;Rundt\u00f6rn &#8220; link_option_url_new_window=&#8220;off&#8220; use_background_color_gradient=&#8220;off&#8220; background_color_gradient_start=&#8220;#2b87da&#8220; background_color_gradient_end=&#8220;#29c4a9&#8243; background_color_gradient_type=&#8220;linear&#8220; background_color_gradient_direction=&#8220;180deg&#8220; background_color_gradient_direction_radial=&#8220;center&#8220; background_color_gradient_start_position=&#8220;0%&#8220; background_color_gradient_end_position=&#8220;100%&#8220; background_color_gradient_overlays_image=&#8220;off&#8220; parallax=&#8220;off&#8220; parallax_method=&#8220;on&#8220; background_size=&#8220;cover&#8220; background_position=&#8220;center&#8220; background_repeat=&#8220;no-repeat&#8220; background_blend=&#8220;normal&#8220; allow_player_pause=&#8220;off&#8220; background_video_pause_outside_viewport=&#8220;on&#8220; tab_text_shadow_style=&#8220;none&#8220; tab_text_shadow_horizontal_length=&#8220;tab_text_shadow_style,%91object Object%93&#8243; tab_text_shadow_vertical_length=&#8220;tab_text_shadow_style,%91object Object%93&#8243; tab_text_shadow_blur_strength=&#8220;tab_text_shadow_style,%91object Object%93&#8243; body_text_shadow_style=&#8220;none&#8220; body_text_shadow_horizontal_length=&#8220;body_text_shadow_style,%91object Object%93&#8243; body_text_shadow_vertical_length=&#8220;body_text_shadow_style,%91object Object%93&#8243; body_text_shadow_blur_strength=&#8220;body_text_shadow_style,%91object Object%93&#8243; hover_transition_duration=&#8220;300ms&#8220; hover_transition_delay=&#8220;0ms&#8220; hover_transition_speed_curve=&#8220;ease&#8220;]<\/p>\n<p>Mit einem eineinhalb Rundt\u00f6rn und zwei halben Schl\u00e4gen kann man ein Boot oder auch einen Fender an einem Ring oder einer Stange befestigen.<\/p>\n<p>Zwei halbe Schl\u00e4ge sind \u00fcbrigens nicht anderes als ein Webeleinstek.<\/p>\n<p><img loading=\"lazy\" decoding=\"async\" class=\"aligncenter wp-image-23 size-full\" src=\"https:\/\/mittelmeer-skipper.com\/page\/wp-content\/uploads\/2019\/08\/rundtoern.gif\" alt=\"\" width=\"580\" height=\"378\"><\/p>\n<p>[\/et_pb_tab][\/et_pb_tabs][\/et_pb_column][\/et_pb_row][\/et_pb_section]<\/p>\n","protected":false},"excerpt":{"rendered":"<p><div class=\"et_pb_row et_pb_row_0 et_pb_row_empty\">\n\t\t\t\t\n\t\t\t\t\n\t\t\t\t\n\t\t\t\t\n\t\t\t\t\n\t\t\t<\/div> Der Achtknoten wird auf Motorbooten eher selten verwendet. Man ben\u00f6tigt ihn vor allem beim Segeln, um das Ausrauschen der Schoten und Fallen aus \u00d6sen und Bl\u00f6cken zu verhindern. Dennoch kommt er in der Motorbootpr\u00fcfung vor. Mit einem Palstek kn\u00fcpft man ein festes Auge, das sich nicht zuziehen kann. Verwenden kann man den Palstek z.B. [&hellip;]<\/p>\n","protected":false},"author":3,"featured_media":0,"parent":0,"menu_order":0,"comment_status":"closed","ping_status":"closed","template":"","meta":{"_et_pb_use_builder":"on","_et_pb_old_content":"","_et_gb_content_width":"","footnotes":""},"class_list":["post-14","page","type-page","status-publish","hentry"],"_links":{"self":[{"href":"https:\/\/mittelmeer-skipper.com\/page\/wp-json\/wp\/v2\/pages\/14","targetHints":{"allow":["GET"]}}],"collection":[{"href":"https:\/\/mittelmeer-skipper.com\/page\/wp-json\/wp\/v2\/pages"}],"about":[{"href":"https:\/\/mittelmeer-skipper.com\/page\/wp-json\/wp\/v2\/types\/page"}],"author":[{"embeddable":true,"href":"https:\/\/mittelmeer-skipper.com\/page\/wp-json\/wp\/v2\/users\/3"}],"replies":[{"embeddable":true,"href":"https:\/\/mittelmeer-skipper.com\/page\/wp-json\/wp\/v2\/comments?post=14"}],"version-history":[{"count":5,"href":"https:\/\/mittelmeer-skipper.com\/page\/wp-json\/wp\/v2\/pages\/14\/revisions"}],"predecessor-version":[{"id":54,"href":"https:\/\/mittelmeer-skipper.com\/page\/wp-json\/wp\/v2\/pages\/14\/revisions\/54"}],"wp:attachment":[{"href":"https:\/\/mittelmeer-skipper.com\/page\/wp-json\/wp\/v2\/media?parent=14"}],"curies":[{"name":"wp","href":"https:\/\/api.w.org\/{rel}","templated":true}]}}