{"id":41,"date":"2019-08-27T16:33:50","date_gmt":"2019-08-27T14:33:50","guid":{"rendered":"https:\/\/wassersport-mallorca.com\/page\/?page_id=41"},"modified":"2020-01-16T05:58:53","modified_gmt":"2020-01-16T04:58:53","slug":"eu-datenschutzerklaerung-dsgvo","status":"publish","type":"page","link":"https:\/\/mittelmeer-skipper.com\/page\/eu-datenschutzerklaerung-dsgvo\/","title":{"rendered":"EU-Datenschutzerkl\u00e4rung (DSGVO)"},"content":{"rendered":"<p>Verantwortliche Stelle im Sinne der Datenschutzgesetze ist:<\/p>\n<p>wassersport-mallorca.com (ein kostenfreies Angebot von GMX24 Digital Media LTD)<\/p>\n<h3>Cookies<\/h3>\n<p>Wie viele andere Webseiten verwenden wir auch so genannte \u201eCookies\u201c. Cookies sind kleine Textdateien, die von einem Webseitenserver auf Ihre Festplatte \u00fcbertragen werden. Hierdurch erhalten wir automatisch bestimmte Daten wie z. B. IP-Adresse, verwendeter Browser, Betriebssystem \u00fcber Ihren Computer und Ihre Verbindung zum Internet.<\/p>\n<p>Cookies k\u00f6nnen nicht verwendet werden, um Programme zu starten oder Viren auf einen Computer zu \u00fcbertragen. Anhand der in Cookies enthaltenen Informationen k\u00f6nnen wir Ihnen die Navigation erleichtern und die korrekte Anzeige unserer Webseiten erm\u00f6glichen.<\/p>\n<p>In keinem Fall werden die von uns erfassten Daten an Dritte weitergegeben oder ohne Ihre Einwilligung eine Verkn\u00fcpfung mit personenbezogenen Daten hergestellt.<\/p>\n<p>Nat\u00fcrlich k\u00f6nnen Sie unsere Website grunds\u00e4tzlich auch ohne Cookies betrachten. Internet-Browser sind regelm\u00e4\u00dfig so eingestellt, dass sie Cookies akzeptieren. Sie k\u00f6nnen die Verwendung von Cookies jederzeit \u00fcber die Einstellungen Ihres Browsers deaktivieren. Bitte verwenden Sie die Hilfefunktionen Ihres Internetbrowsers, um zu erfahren, wie Sie diese Einstellungen \u00e4ndern k\u00f6nnen. Bitte beachten Sie, dass einzelne Funktionen unserer Website m\u00f6glicherweise nicht funktionieren, wenn Sie die Verwendung von Cookies deaktiviert haben.<\/p>\n<h3>SSL-Verschl\u00fcsselung<\/h3>\n<p>Um die Sicherheit Ihrer Daten bei der \u00dcbertragung zu sch\u00fctzen, verwenden wir dem aktuellen Stand der Technik entsprechende Verschl\u00fcsselungsverfahren (z. B. SSL) \u00fcber HTTPS.<\/p>\n<h3>Kontaktformular<\/h3>\n<p>Treten Sie per E-Mail oder Kontaktformular mit uns in Kontakt, werden die von Ihnen gemachten Angaben zum Zwecke der Bearbeitung der Anfrage sowie f\u00fcr m\u00f6gliche Anschlussfragen gespeichert.<\/p>\n<h3>L\u00f6schung bzw. Sperrung der Daten<\/h3>\n<p>Wir halten uns an die Grunds\u00e4tze der Datenvermeidung und Datensparsamkeit. Wir speichern Ihre personenbezogenen Daten daher nur so lange, wie dies zur Erreichung der hier genannten Zwecke erforderlich ist oder wie es die vom Gesetzgeber vorgesehenen vielf\u00e4ltigen Speicherfristen vorsehen. Nach Fortfall des jeweiligen Zweckes bzw. Ablauf dieser Fristen werden die entsprechenden Daten routinem\u00e4\u00dfig und entsprechend den gesetzlichen Vorschriften gesperrt oder gel\u00f6scht.<\/p>\n<h3>Verwendung von Scriptbibliotheken (Google Webfonts)<\/h3>\n<p>Um unsere Inhalte browser\u00fcbergreifend korrekt und grafisch ansprechend darzustellen, verwenden wir auf dieser Website Scriptbibliotheken und Schriftbibliotheken wie z. B. Google Webfonts (https:\/\/www.google.com\/webfonts\/). Google Webfonts werden zur Vermeidung mehrfachen Ladens in den Cache Ihres Browsers \u00fcbertragen. Falls der Browser die Google Webfonts nicht unterst\u00fctzt oder den Zugriff unterbindet, werden Inhalte in einer Standardschrift angezeigt.<\/p>\n<p>Der Aufruf von Scriptbibliotheken oder Schriftbibliotheken l\u00f6st automatisch eine Verbindung zum Betreiber der Bibliothek aus. Dabei ist es theoretisch m\u00f6glich \u2013 aktuell allerdings auch unklar ob und ggf. zu welchen Zwecken \u2013 dass Betreiber entsprechender Bibliotheken Daten erheben.<\/p>\n<p>Die Datenschutzrichtlinie des Bibliothekbetreibers Google finden Sie hier: https:\/\/www.google.com\/policies\/privacy\/<\/p>\n<h3>Verwendung von Google Maps<\/h3>\n<p>Diese Webseite verwendet Google Maps API, um geographische Informationen visuell darzustellen. Bei der Nutzung von Google Maps werden von Google auch Daten \u00fcber die Nutzung der Kartenfunktionen durch Besucher erhoben, verarbeitet und genutzt. N\u00e4here Informationen \u00fcber die Datenverarbeitung durch Google k\u00f6nnen Sie den Google-Datenschutzhinweisen entnehmen. Dort k\u00f6nnen Sie im Datenschutzcenter auch Ihre pers\u00f6nlichen Datenschutz-Einstellungen ver\u00e4ndern.<\/p>\n<p>Ausf\u00fchrliche Anleitungen zur Verwaltung der eigenen Daten im Zusammenhang mit Google-Produkten finden Sie hier.<\/p>\n<h3>Eingebettete YouTube-Videos<\/h3>\n<p>Auf einigen unserer Webseiten betten wir Youtube-Videos ein. Betreiber der entsprechenden Plugins ist die YouTube, LLC, 901 Cherry Ave., San Bruno, CA 94066, USA. Wenn Sie eine Seite mit dem YouTube-Plugin besuchen, wird eine Verbindung zu Servern von Youtube hergestellt. Dabei wird Youtube mitgeteilt, welche Seiten Sie besuchen. Wenn Sie in Ihrem Youtube-Account eingeloggt sind, kann Youtube Ihr Surfverhalten Ihnen pers\u00f6nlich zuzuordnen. Dies verhindern Sie, indem Sie sich vorher aus Ihrem Youtube-Account ausloggen.<\/p>\n<p>Wird ein Youtube-Video gestartet, setzt der Anbieter Cookies ein, die Hinweise \u00fcber das Nutzerverhalten sammeln.<\/p>\n<p>Wer das Speichern von Cookies f\u00fcr das Google-Ad-Programm deaktiviert hat, wird auch beim Anschauen von Youtube-Videos mit keinen solchen Cookies rechnen m\u00fcssen. Youtube legt aber auch in anderen Cookies nicht-personenbezogene Nutzungsinformationen ab. M\u00f6chten Sie dies verhindern, so m\u00fcssen Sie das Speichern von Cookies im Browser blockieren.<\/p>\n<p>Weitere Informationen zum Datenschutz bei \u201eYoutube\u201c finden Sie in der Datenschutzerkl\u00e4rung des Anbieters unter: https:\/\/www.google.de\/intl\/de\/policies\/privacy\/<\/p>\n<h3>Social Plugins<\/h3>\n<p>Auf unseren Webseiten werden Social Plugins der unten aufgef\u00fchrten Anbieter eingesetzt. Die Plugins k\u00f6nnen Sie daran erkennen, dass sie mit dem entsprechenden Logo gekennzeichnet sind.<\/p>\n<p>\u00dcber diese Plugins werden unter Umst\u00e4nden Informationen, zu denen auch personenbezogene Daten geh\u00f6ren k\u00f6nnen, an den Dienstebetreiber gesendet und ggf. von diesem genutzt. Wir verhindern die unbewusste und ungewollte Erfassung und \u00dcbertragung von Daten an den Diensteanbieter durch eine 2-Klick-L\u00f6sung. Um ein gew\u00fcnschtes Social Plugin zu aktivieren, muss dieses erst durch Klick auf den entsprechenden Schalter aktiviert werden. Erst durch diese Aktivierung des Plugins wird auch die Erfassung von Informationen und deren \u00dcbertragung an den Diensteanbieter ausgel\u00f6st. Wir erfassen selbst keine personenbezogenen Daten mittels der Social Plugins oder \u00fcber deren Nutzung.<\/p>\n<p>Wir haben keinen Einfluss darauf, welche Daten ein aktiviertes Plugin erfasst und wie diese durch den Anbieter verwendet werden. Derzeit muss davon ausgegangen werden, dass eine direkte Verbindung zu den Diensten des Anbieters ausgebaut wird sowie mindestens die IP-Adresse und ger\u00e4tebezogene Informationen erfasst und genutzt werden. Ebenfalls besteht die M\u00f6glichkeit, dass die Diensteanbieter versuchen, Cookies auf dem verwendeten Rechner zu speichern. Welche konkreten Daten hierbei erfasst und wie diese genutzt werden, entnehmen Sie bitte den Datenschutzhinweisen des jeweiligen Diensteanbieters. Hinweis: Falls Sie zeitgleich bei Facebook angemeldet sind, kann Facebook Sie als Besucher einer bestimmten Seite identifizieren.<\/p>\n<p>Wir haben auf unserer Website die Social-Media-Buttons folgender Unternehmen eingebunden:<\/p>\n<p>Facebook Inc. (1601 S. California Ave \u2013 Palo Alto \u2013 CA 94304 \u2013 USA)<br \/>\nTwitter Inc. (795 Folsom St. \u2013 Suite 600 \u2013 San Francisco \u2013 CA 94107 \u2013 USA)<br \/>\nGoogle Plus\/Google Inc. (1600 Amphitheatre Parkway \u2013 Mountain View \u2013 CA 94043 \u2013 USA)<\/p>\n<h3>Ihre Rechte auf Auskunft, Berichtigung, Sperre, L\u00f6schung und Widerspruch<\/h3>\n<p>Sie haben das Recht, jederzeit Auskunft \u00fcber Ihre bei uns gespeicherten personenbezogenen Daten zu erhalten. Ebenso haben Sie das Recht auf Berichtigung, Sperrung oder, abgesehen von der vorgeschriebenen Datenspeicherung zur Gesch\u00e4ftsabwicklung, L\u00f6schung Ihrer personenbezogenen Daten. Bitte wenden Sie sich dazu an unseren Datenschutzbeauftragten. Die Kontaktdaten finden Sie ganz unten.<\/p>\n<p>Damit eine Sperre von Daten jederzeit ber\u00fccksichtigt werden kann, m\u00fcssen diese Daten zu Kontrollzwecken in einer Sperrdatei vorgehalten werden. Sie k\u00f6nnen auch die L\u00f6schung der Daten verlangen, soweit keine gesetzliche Archivierungsverpflichtung besteht. Soweit eine solche Verpflichtung besteht, sperren wir Ihre Daten auf Wunsch.<\/p>\n<p>Sie k\u00f6nnen \u00c4nderungen oder den Widerruf einer Einwilligung durch entsprechende Mitteilung an uns mit Wirkung f\u00fcr die Zukunft vornehmen.<\/p>\n<h3>\u00c4nderung unserer Datenschutzbestimmungen<\/h3>\n<p>Wir behalten uns vor, diese Datenschutzerkl\u00e4rung gelegentlich anzupassen, damit sie stets den aktuellen rechtlichen Anforderungen entspricht oder um \u00c4nderungen unserer Leistungen in der Datenschutzerkl\u00e4rung umzusetzen, z. B. bei der Einf\u00fchrung neuer Services. F\u00fcr Ihren erneuten Besuch gilt dann die neue Datenschutzerkl\u00e4rung.<\/p>\n<h3>Fragen an den Datenschutzbeauftragten<\/h3>\n<p>Wenn Sie Fragen zum Datenschutz haben, schreiben Sie uns bitte eine E-Mail oder wenden Sie sich direkt an unseren Datenschutzbeauftragten:<\/p>\n<p>siehe Kontaktformular<\/p>\n<p>Die Datenschutzerkl\u00e4rung wurde mit dem Datenschutzerkl\u00e4rungs-Generator der activeMind AG erstellt.<\/p>\n","protected":false},"excerpt":{"rendered":"<p>Verantwortliche Stelle im Sinne der Datenschutzgesetze ist: wassersport-mallorca.com (ein kostenfreies Angebot von GMX24 Digital Media LTD) Cookies Wie viele andere Webseiten verwenden wir auch so genannte \u201eCookies\u201c. Cookies sind kleine Textdateien, die von einem Webseitenserver auf Ihre Festplatte \u00fcbertragen werden. Hierdurch erhalten wir automatisch bestimmte Daten wie z. B. IP-Adresse, verwendeter Browser, Betriebssystem \u00fcber Ihren [&hellip;]<\/p>\n","protected":false},"author":3,"featured_media":0,"parent":0,"menu_order":0,"comment_status":"closed","ping_status":"closed","template":"","meta":{"_et_pb_use_builder":"","_et_pb_old_content":"","_et_gb_content_width":"","footnotes":""},"class_list":["post-41","page","type-page","status-publish","hentry"],"_links":{"self":[{"href":"https:\/\/mittelmeer-skipper.com\/page\/wp-json\/wp\/v2\/pages\/41","targetHints":{"allow":["GET"]}}],"collection":[{"href":"https:\/\/mittelmeer-skipper.com\/page\/wp-json\/wp\/v2\/pages"}],"about":[{"href":"https:\/\/mittelmeer-skipper.com\/page\/wp-json\/wp\/v2\/types\/page"}],"author":[{"embeddable":true,"href":"https:\/\/mittelmeer-skipper.com\/page\/wp-json\/wp\/v2\/users\/3"}],"replies":[{"embeddable":true,"href":"https:\/\/mittelmeer-skipper.com\/page\/wp-json\/wp\/v2\/comments?post=41"}],"version-history":[{"count":2,"href":"https:\/\/mittelmeer-skipper.com\/page\/wp-json\/wp\/v2\/pages\/41\/revisions"}],"predecessor-version":[{"id":43,"href":"https:\/\/mittelmeer-skipper.com\/page\/wp-json\/wp\/v2\/pages\/41\/revisions\/43"}],"wp:attachment":[{"href":"https:\/\/mittelmeer-skipper.com\/page\/wp-json\/wp\/v2\/media?parent=41"}],"curies":[{"name":"wp","href":"https:\/\/api.w.org\/{rel}","templated":true}]}}